{"id":34,"date":"2024-01-15T21:49:10","date_gmt":"2024-01-15T20:49:10","guid":{"rendered":"https:\/\/eymily.de\/?page_id=34"},"modified":"2025-11-13T06:35:02","modified_gmt":"2025-11-13T05:35:02","slug":"impressum","status":"publish","type":"page","link":"https:\/\/eymily.de\/?page_id=34","title":{"rendered":"Impressum"},"content":{"rendered":"\t\t<div data-elementor-type=\"wp-page\" data-elementor-id=\"34\" class=\"elementor elementor-34\" data-elementor-post-type=\"page\">\n\t\t\t\t\t\t\t<div class=\"elementor-element elementor-element-d49c15d e-flex e-con-boxed e-con e-parent\" data-id=\"d49c15d\" data-element_type=\"container\" data-settings=\"{&quot;content_width&quot;:&quot;boxed&quot;}\" data-core-v316-plus=\"true\">\n\t\t\t\t\t<div class=\"e-con-inner\">\n\t\t\t\t<div class=\"elementor-element elementor-element-794b1b7 elementor-widget elementor-widget-text-editor\" data-id=\"794b1b7\" data-element_type=\"widget\" data-widget_type=\"text-editor.default\">\n\t\t\t\t<div class=\"elementor-widget-container\">\n\t\t\t<style>\/*! elementor - v3.18.0 - 20-12-2023 *\/\n.elementor-widget-text-editor.elementor-drop-cap-view-stacked .elementor-drop-cap{background-color:#69727d;color:#fff}.elementor-widget-text-editor.elementor-drop-cap-view-framed .elementor-drop-cap{color:#69727d;border:3px solid;background-color:transparent}.elementor-widget-text-editor:not(.elementor-drop-cap-view-default) .elementor-drop-cap{margin-top:8px}.elementor-widget-text-editor:not(.elementor-drop-cap-view-default) .elementor-drop-cap-letter{width:1em;height:1em}.elementor-widget-text-editor .elementor-drop-cap{float:left;text-align:center;line-height:1;font-size:50px}.elementor-widget-text-editor .elementor-drop-cap-letter{display:inline-block}<\/style>\t\t\t\t<p><strong>Impressum<\/strong><\/p><p>Angaben gem\u00e4\u00df \u00a7 5 Digitale-Dienste-Gesetz (DDG)<\/p><p>Rasim Kasalar Digital Marketing<\/p><p>Postanschrift:<\/p><p>Von-Humboldt-Str. 2a<br \/>64646 Heppenheim<\/p><p>Kontakt:<\/p><p>Telefon: 06253 9382916<br \/>E-Mail: info@eymily.de<\/p><p>Umsatzsteuer-Identifikationsnummer: DE369023169<\/p><p>Verbraucherstreitbeilegung \/ Universalschlichtungsstelle:<br \/>Wir sind nicht bereit und nicht verpflichtet, an Streitbeilegungsverfahren vor einer Verbraucherschlichtungsstelle teilzunehmen.<\/p><p><strong>Haftung f\u00fcr Inhalte<\/strong><\/p><p>Als Anbieter digitaler Dienste sind wir gem\u00e4\u00df den allgemeinen Gesetzen nach \u00a7 7 Abs. 1 des Digitalen Dienste Gesetzes (DDG) f\u00fcr eigene Inhalte auf diesen Seiten verantwortlich. Allerdings sind wir gem\u00e4\u00df den \u00a7\u00a7 8 bis 10 DDG nicht verpflichtet, \u00fcbermittelte oder gespeicherte fremde Informationen zu \u00fcberwachen oder Umst\u00e4nde zu untersuchen, die auf eine rechtswidrige T\u00e4tigkeit hinweisen. Die Verpflichtungen zur Entfernung oder Sperrung der Nutzung von Informationen nach den allgemeinen Gesetzen bleiben unber\u00fchrt. Eine Haftung in diesem Zusammenhang ist jedoch nur ab dem Zeitpunkt m\u00f6glich, an dem wir von einer konkreten Rechtsverletzung Kenntnis erlangen. Sobald wir von solchen Rechtsverletzungen Kenntnis erhalten, werden wir die betreffenden Inhalte unverz\u00fcglich entfernen.<\/p><p><strong>Haftung f\u00fcr Links<\/strong><\/p><p>Unsere Website kann Links zu externen Webseiten Dritter enthalten. Auf den Inhalt dieser verlinkten Seiten haben wir keinen Einfluss und \u00fcbernehmen daher keine Haftung f\u00fcr diesen. F\u00fcr den Inhalt der verlinkten Seiten sind ausschlie\u00dflich deren Betreiber verantwortlich. Zum Zeitpunkt der Linksetzung waren keine rechtswidrigen Inhalte auf den verlinkten Seiten erkennbar. Eine permanente \u00dcberpr\u00fcfung der Inhalte der verlinkten Seiten ohne konkrete Hinweise auf eine Rechtsverletzung ist jedoch nicht zumutbar. Sobald wir von Rechtsverletzungen Kenntnis erhalten, werden wir derartige Links umgehend entfernen.<\/p><p><strong>Urheberrecht<\/strong><\/p><p>Die auf dieser Website ver\u00f6ffentlichten Inhalte und Werke unterliegen dem deutschen Urheberrecht. Die Vervielf\u00e4ltigung, Bearbeitung, Verbreitung oder jede Art der Verwertung au\u00dferhalb der Grenzen des Urheberrechts bed\u00fcrfen der schriftlichen Zustimmung des jeweiligen Autors oder Erstellers. Downloads und Kopien dieser Seite sind nur f\u00fcr den privaten, nicht kommerziellen Gebrauch gestattet. Soweit die Inhalte auf dieser Seite nicht vom Betreiber erstellt wurden, werden die Urheberrechte Dritter beachtet. Insbesondere werden Inhalte Dritter als solche gekennzeichnet. Sollten Sie dennoch auf eine Urheberrechtsverletzung aufmerksam werden, bitten wir um einen entsprechenden Hinweis, damit wir die betreffenden Inhalte umgehend entfernen k\u00f6nnen.<\/p>\t\t\t\t\t\t<\/div>\n\t\t\t\t<\/div>\n\t\t\t\t\t<\/div>\n\t\t\t\t<\/div>\n\t\t\t\t\t\t\t<\/div>\n\t\t","protected":false},"excerpt":{"rendered":"<p>Impressum Angaben gem\u00e4\u00df \u00a7 5 Digitale-Dienste-Gesetz (DDG) Rasim Kasalar Digital Marketing Postanschrift: Von-Humboldt-Str. 2a64646 Heppenheim Kontakt: Telefon: 06253 9382916E-Mail: info@eymily.de Umsatzsteuer-Identifikationsnummer: DE369023169 Verbraucherstreitbeilegung \/ Universalschlichtungsstelle:Wir sind nicht bereit und nicht verpflichtet, an Streitbeilegungsverfahren vor einer Verbraucherschlichtungsstelle teilzunehmen. Haftung f\u00fcr Inhalte Als Anbieter digitaler Dienste sind wir gem\u00e4\u00df den allgemeinen Gesetzen nach \u00a7 7 Abs. 1 [&hellip;]<\/p>\n","protected":false},"author":1,"featured_media":0,"parent":0,"menu_order":0,"comment_status":"closed","ping_status":"closed","template":"","meta":{"footnotes":""},"class_list":["post-34","page","type-page","status-publish","hentry"],"_links":{"self":[{"href":"https:\/\/eymily.de\/index.php?rest_route=\/wp\/v2\/pages\/34","targetHints":{"allow":["GET"]}}],"collection":[{"href":"https:\/\/eymily.de\/index.php?rest_route=\/wp\/v2\/pages"}],"about":[{"href":"https:\/\/eymily.de\/index.php?rest_route=\/wp\/v2\/types\/page"}],"author":[{"embeddable":true,"href":"https:\/\/eymily.de\/index.php?rest_route=\/wp\/v2\/users\/1"}],"replies":[{"embeddable":true,"href":"https:\/\/eymily.de\/index.php?rest_route=%2Fwp%2Fv2%2Fcomments&post=34"}],"version-history":[{"count":10,"href":"https:\/\/eymily.de\/index.php?rest_route=\/wp\/v2\/pages\/34\/revisions"}],"predecessor-version":[{"id":1917,"href":"https:\/\/eymily.de\/index.php?rest_route=\/wp\/v2\/pages\/34\/revisions\/1917"}],"wp:attachment":[{"href":"https:\/\/eymily.de\/index.php?rest_route=%2Fwp%2Fv2%2Fmedia&parent=34"}],"curies":[{"name":"wp","href":"https:\/\/api.w.org\/{rel}","templated":true}]}}